{"id":287,"date":"2019-03-26T22:13:56","date_gmt":"2019-03-27T01:13:56","guid":{"rendered":"http:\/\/igrejagnosticarosacruz.com\/?page_id=287"},"modified":"2019-03-28T20:43:45","modified_gmt":"2019-03-28T23:43:45","slug":"quem-somos","status":"publish","type":"page","link":"http:\/\/igrejagnosticarosacruz.com\/","title":{"rendered":"Quem Somos?"},"content":{"rendered":"\n<figure class=\"wp-block-image\"><img loading=\"lazy\" width=\"700\" height=\"200\" src=\"http:\/\/igrejagnosticarosacruz.com\/wp-content\/uploads\/2019\/03\/FINAL-2.png\" alt=\"\" class=\"wp-image-380\" srcset=\"http:\/\/igrejagnosticarosacruz.com\/wp-content\/uploads\/2019\/03\/FINAL-2.png 700w, http:\/\/igrejagnosticarosacruz.com\/wp-content\/uploads\/2019\/03\/FINAL-2-300x86.png 300w, http:\/\/igrejagnosticarosacruz.com\/wp-content\/uploads\/2019\/03\/FINAL-2-500x143.png 500w\" sizes=\"(max-width: 700px) 100vw, 700px\" \/><\/figure>\n\n\n<p style=\"text-align: justify;\"><strong>S<\/strong><strong>UA HIST\u00d3RIA, SUAS LOJAS OU UNIDADES INICI\u00c1TICAS, LINHAGENS E TRADI\u00c7\u00d5ES.<\/strong><\/p>\n<p style=\"text-align: justify;\">A IGREJA GN\u00d3STICA ROSA CRUZ (IGRC), ou Grande Loja de Ritos Tradicionais, foi fundada no dia doze do m\u00eas de janeiro do ano de dois mil e dois, com o objetivo social de desenvolver e preservar as linhagens e tradi\u00e7\u00f5es dos Ritos e Rituais a ela outorgados de v\u00e1rias Ordens Inici\u00e1ticas de car\u00e1ter espiritualista que a comp\u00f5em interna e externamente, atuando como supremo e \u00fanico corpo governante, regulador e protetor de tais linhagens inici\u00e1ticas e de suas atividades dentro do territ\u00f3rio de atua\u00e7\u00e3o. \u00c9 uma institui\u00e7\u00e3o legalmente regularizada, registrada em Cart\u00f3rio de Registro Civil de pessoa Jur\u00eddica segundo o permissivo do par\u00e1grafo 1\u00ba do art. 44, do C\u00f3digo Civil Brasileiro e do art. 5\u00ba, inciso VI, VII e VIII da Constitui\u00e7\u00e3o Federal Brasileira.<\/p>\n<p style=\"text-align: justify;\">\u00c9 uma ordem espiritualista de car\u00e1ter Inici\u00e1tico, filos\u00f3fico, educativo e cultural, de personalidade jur\u00eddica e de direitos privados, legal e leg\u00edtima com sede pr\u00f3pria na cidade de S\u00e3o Lu\u00eds, Estado do Maranh\u00e3o, Brasil.<\/p>\n<p style=\"text-align: justify;\">As unidades Inici\u00e1ticas que comp\u00f5em a Igreja Gn\u00f3stica Rosa Cruz sempre ser\u00e3o aquelas que trabalhem na forma\u00e7\u00e3o moral e espiritual dos seus membros.<\/p>\n<p style=\"text-align: justify;\">A Igreja Gn\u00f3stica Rosa Cruz pratica todos os ritos ecum\u00eanicos como a celebra\u00e7\u00e3o de missas, batizados, casamentos entre outros. A igreja possui om corpo de oficiais credenciados pelas linhagens recebidas pelo fundador da Institui\u00e7\u00e3o, o qual possui todas as patentes, diplomas, certificados e cartas de ordena\u00e7\u00f5es sacerdotais, emitidas pelos seus iniciadores e consagradores, os grandes Mestres que os precederam e lhe deram amparo\u00a0 aos ritos Ma\u00e7\u00f4nicos, Martinista, Fratres Lucis, Elus Cohen, rosa cruz entre outros.<\/p>\n<p style=\"text-align: justify;\">Atualmente a estrutura organizacional da Igreja Gn\u00f3stica Rosa Cruz \u00e9 composta por sete dirigentes, tendo como cabe\u00e7a, o seu fundador que tem cargo vital\u00edcio e os demais s\u00e3o eleitos em assembleia extraordin\u00e1ria previamente convocada a cada dois anos.<\/p>\n<p style=\"text-align: justify;\">A sua estrutura \u00e9 formada pela loja ma\u00e7\u00f4nica mista do Rito Oriental de Memphis Misraim; pela Loja Luminosa Heli\u00f3polis da Ordo Fratres Lucis; pela Loja F\u00f3tons de Luz da Ordem Martinista, pela Loja de Elus Cohen, \u00a0e lojas dos graus Filos\u00f3ficos pertinentes \u00e0 ma\u00e7onaria eg\u00edpcia\u00a0 que \u00e9 composta por um conjunto de graus inici\u00e1ticos que vai do grau quatro ao grau noventa e cinco , al\u00e9m dos graus administrativos, onde temos o grau 97 como cabe\u00e7a e representante Nacional. Todas estas lojas ou unidades operacionais est\u00e3o sob a prote\u00e7\u00e3o da Igreja Gn\u00f3stica Rosa Cruz que \u00e9 a entidade de personalidade jur\u00eddica legal e legitima.<\/p>\n<p style=\"text-align: justify;\">\u00a0<\/p>\n<p style=\"text-align: justify;\">\u00a0<\/p>\n\n\n<p><\/p>\n\n\n\n<ul class=\"wp-block-gallery columns-0 is-cropped\"><\/ul>\n","protected":false},"excerpt":{"rendered":"<p>SUA HIST\u00d3RIA, SUAS LOJAS OU UNIDADES INICI\u00c1TICAS, LINHAGENS E TRADI\u00c7\u00d5ES. A IGREJA GN\u00d3STICA ROSA CRUZ (IGRC), ou Grande Loja de Ritos Tradicionais, foi fundada no dia doze do m\u00eas de janeiro do ano de dois mil e dois, com o &hellip; <a href=\"http:\/\/igrejagnosticarosacruz.com\/\">Continue lendo <span class=\"meta-nav\">&rarr;<\/span><\/a><\/p>\n","protected":false},"author":3,"featured_media":0,"parent":0,"menu_order":0,"comment_status":"closed","ping_status":"closed","template":"sidebar-page.php","meta":{"_mi_skip_tracking":false},"_links":{"self":[{"href":"http:\/\/igrejagnosticarosacruz.com\/index.php?rest_route=\/wp\/v2\/pages\/287"}],"collection":[{"href":"http:\/\/igrejagnosticarosacruz.com\/index.php?rest_route=\/wp\/v2\/pages"}],"about":[{"href":"http:\/\/igrejagnosticarosacruz.com\/index.php?rest_route=\/wp\/v2\/types\/page"}],"author":[{"embeddable":true,"href":"http:\/\/igrejagnosticarosacruz.com\/index.php?rest_route=\/wp\/v2\/users\/3"}],"replies":[{"embeddable":true,"href":"http:\/\/igrejagnosticarosacruz.com\/index.php?rest_route=%2Fwp%2Fv2%2Fcomments&post=287"}],"version-history":[{"count":25,"href":"http:\/\/igrejagnosticarosacruz.com\/index.php?rest_route=\/wp\/v2\/pages\/287\/revisions"}],"predecessor-version":[{"id":449,"href":"http:\/\/igrejagnosticarosacruz.com\/index.php?rest_route=\/wp\/v2\/pages\/287\/revisions\/449"}],"wp:attachment":[{"href":"http:\/\/igrejagnosticarosacruz.com\/index.php?rest_route=%2Fwp%2Fv2%2Fmedia&parent=287"}],"curies":[{"name":"wp","href":"https:\/\/api.w.org\/{rel}","templated":true}]}}