{"id":351,"date":"2019-03-26T23:48:21","date_gmt":"2019-03-27T02:48:21","guid":{"rendered":"http:\/\/igrejagnosticarosacruz.com\/?page_id=351"},"modified":"2022-11-07T17:11:04","modified_gmt":"2022-11-07T20:11:04","slug":"loja-heliopolis-ordo-frates-lucis","status":"publish","type":"page","link":"http:\/\/igrejagnosticarosacruz.com\/?page_id=351","title":{"rendered":"Loja Heli\u00f3polis    &#8211;    Ordo Frates Lucis"},"content":{"rendered":"\n<div class=\"wp-block-image\"><figure class=\"aligncenter size-large\"><img loading=\"lazy\" width=\"1024\" height=\"1024\" src=\"http:\/\/igrejagnosticarosacruz.com\/wp-content\/uploads\/2022\/11\/amorimxxxxx-1024x1024.png\" alt=\"\" class=\"wp-image-699\" srcset=\"http:\/\/igrejagnosticarosacruz.com\/wp-content\/uploads\/2022\/11\/amorimxxxxx-1024x1024.png 1024w, http:\/\/igrejagnosticarosacruz.com\/wp-content\/uploads\/2022\/11\/amorimxxxxx-300x300.png 300w, http:\/\/igrejagnosticarosacruz.com\/wp-content\/uploads\/2022\/11\/amorimxxxxx-150x150.png 150w, http:\/\/igrejagnosticarosacruz.com\/wp-content\/uploads\/2022\/11\/amorimxxxxx-768x768.png 768w, http:\/\/igrejagnosticarosacruz.com\/wp-content\/uploads\/2022\/11\/amorimxxxxx-1536x1536.png 1536w, http:\/\/igrejagnosticarosacruz.com\/wp-content\/uploads\/2022\/11\/amorimxxxxx-2048x2048.png 2048w\" sizes=\"(max-width: 1024px) 100vw, 1024px\" \/><\/figure><\/div>\n\n\n<p style=\"text-align: justify;\"><strong>LOJA LUMINOSA HELI\u00d3POLIS \u2013 \u201cORDO FRATRES LUCIS OU IRM\u00c3OS DA LUZ\u201d<\/strong><\/p>\n<p style=\"text-align: justify;\">Este corpo filos\u00f3fico e esot\u00e9rico foi fundado em S\u00e3o Lu\u00eds no dia 07 de dezembro do ano de dois mil e cinco, por um grupo de estudantes dedicados na busca do conhecimento e da verdade espiritual com autoriza\u00e7\u00e3o e Carta Patente do Cancellarius da Ordo Fratres Lucis da Argentina e em 10 de janeiro de 2017 foi outorga uma Carta Patente ao Fundador da Igreja Gn\u00f3stica Rosa Cruz, para operar no Brasil, Independentemente como Organiza\u00e7\u00e3o verdadeira e hist\u00f3rica proveniente dos Fratres Lucis da Aust\u00e1lia pelo Cancellarius, custodio da Ordo Fratres Lucis da Austr\u00e1lia Don Hector E. Cuellar Castellanos, Comendador da Fraternitas Rosicruciana Antiqua (FRA) da Austr\u00e1lia, o qual recebeu uma carta patente expedida por El Most Reverendo Count George Boyer, Grande Archon e sobrevivente \u00fanico de Concilio de los Tres de la Fraternidad y Orden de Pleroma y Hermetic Brotherhood of, anteriormente conocida tambien como and Order of the IIuminati or Fratres Lucis outorgada a Bishop and Grand Master Lewis S. Keizer, Home Temple and Temple of Holy Grail y com todos los poderes y Autoridad transmitidas a Hector E. Castellanos em 19 de Febrero de 2010, como Cancellarius of the Ordo Fratres Lucis para Australia.<\/p>\n<p style=\"text-align: justify;\">A ordem denominada&nbsp; \u201cOrdem dos Fratres Lucis\u201d ou \u201cOrdem dos Irm\u00e3os da Luz\u201d. foi <strong>Inspirada na Ordem Florentina dos Irm\u00e3os da Luz, fundada em 1498<\/strong>, como continua\u00e7\u00e3o secreta da Academia Plat\u00f4nica de Marcelo Ficcino.<\/p>\n<p style=\"text-align: justify;\">Em 9 de setembro de 2003, o Ordo Fratres Lucis recebeu do Bispo e Grande Mestre LEWIS S. KEIZER o Reconhecimento por seu Trabalho de Propagar a Luz Maior, a Carta Patente que o credencia como a \u201cContinua\u00e7\u00e3o Moderna do Esp\u00edrito da Ordem Original Antiga\u201d.<\/p>\n<p style=\"text-align: justify;\">O Ordo Fratres Lucis \u00e9 o Novo Corpo Manifestado, Regular e Tradicional do Esp\u00edrito da Antiga Ordem Florentina, Rosacruz, Herm\u00e9tica e Gn\u00f3stica de 1498. \u00c9 tamb\u00e9m o Sucessor Espiritual da Obedi\u00eancia Ma\u00e7\u00f4nica do s\u00e9culo XVIII.<\/p>\n<p style=\"text-align: justify;\">Os ensinamentos oferecidos em nossa Ordem dos Fratres Lucis, s\u00e3o efetuados por um sistema de li\u00e7\u00f5es oriundas dos Syllabus e um question\u00e1rio de avalia\u00e7\u00e3o que poder\u00e3o ser respondidos e enviados por E-mail ou apresentados como trabalho individual para os irm\u00e3os e irm\u00e3s j\u00e1 iniciados nos diferentes graus inici\u00e1ticos em nossas lojas<\/p>\n<p style=\"text-align: justify;\"><strong>QUEM S\u00c3O OS FRATRES LUCIS MODERNOS?<\/strong><\/p>\n<p style=\"text-align: justify;\">Os FRATRES LUCIS s\u00e3o homens e mulheres de todas as nacionalidades, de todas as ra\u00e7as, de todas as religi\u00f5es, de todos os setores pol\u00edticos, de todas as classes sociais, de todas as Ordens, Fraternidades e Escolas Inici\u00e1ticas, que consintam nos seguintes SEIS PRINC\u00cdPIOS:<\/p>\n<p style=\"text-align: justify;\"><strong>LUZ: <\/strong>Como FRATER ou SOROR LUCIS viverei na LUZ que me permitir\u00e1 conhecer paulatinamente a Verdade. A Luz eliminar\u00e1 as trevas da minha IGNOR\u00c2NCIA. Por oposi\u00e7\u00e3o, estarei contra tudo aquilo que seja OBSCURO e deixe o Ser Humano na ignor\u00e2ncia.<\/p>\n<p style=\"text-align: justify;\"><strong>VIDA: <\/strong>Como FRATER ou SOROR LUCIS estarei a favor da VIDA e n\u00e3o da MORTE. Estarei a favor da ORDEM e n\u00e3o do CAOS. Estarei a favor da EVOLU\u00c7\u00c3O e n\u00e3o da INVOLU\u00c7\u00c3O.<\/p>\n<p style=\"text-align: justify;\"><strong>AMOR: <\/strong>Como FRATER ou SOROR LUCIS sentirei AMOR pelo pr\u00f3ximo, pela fam\u00edlia e pela sociedade. Estarei, portanto, contra toda viol\u00eancia, \u00f3dio e guerra.<\/p>\n<p style=\"text-align: justify;\"><strong>LIBERDADE: <\/strong>Como FRATER ou SOROR LUCIS praticarei a liberdade de pensamento. Nunca censurarei outro Irm\u00e3o por suas opini\u00f5es. Estarei, portanto, contra toda forma de ESCRAVID\u00c3O humana.<\/p>\n<p style=\"text-align: justify;\"><strong>IGUALDADE: <\/strong>Como FRATER ou SOROR LUCIS respeitarei os direitos de todos os meus Irm\u00e3os e terei os mesmos deveres dos meus Irm\u00e3os.&nbsp;<\/p>\n<p style=\"text-align: justify;\"><strong>FRATERNIDADE: <\/strong>Como FRATER ou SOROR LUCIS, praticarei a solidariedade com os meus Irm\u00e3os, e ajudarei a todos aqueles que se aproximem de mim na Senda do Conhecimento.&nbsp;<\/p>\n<p style=\"text-align: left;\"><strong><u>QUE ENSINAMENTOS S\u00c3O TRANSMITIDOS?<\/u><\/strong><\/p>\n<p style=\"text-align: justify;\"><strong>SYLLABUS N\u00ba 1: <\/strong>Os novos membros recebem o curso de 21 li\u00e7\u00f5es semanais, denominado &#8220;A NUVEM SOBRE O SANTU\u00c1RIO&#8221;, dedicado a estudar as Seis Cartas do Grande Mestre Karl Von Eckartshausen.<\/p>\n<p style=\"text-align: justify;\"><strong>SYLLABUS N\u00ba 2: <\/strong>Quem desejar continuar seus estudos, ap\u00f3s responder um question\u00e1rio de compreens\u00e3o de texto do Primeiro Syllabus, poder\u00e1 receber as li\u00e7\u00f5es do segundo curso, que vai da li\u00e7\u00e3o 22 \u00e0 70, denominado &#8220;NOT\u00cdCIAS DA FRATERNIDADE OU FAMA FRATERNITATIS&#8221;, no qual s\u00e3o analisados os tr\u00eas grandes Manifestos do Rosa Cruzes na Alem\u00e3o. 1612 \u2013 Fama Fraternitatis; 1615 \u2013 Confessio Fraternitatis; 1616 \u2013 N\u00fapcias Alqu\u00edmicas<\/p>\n<p style=\"text-align: justify;\"><strong>SYLLABUS N\u00ba 3: <\/strong>Quem terminar o segundo curso, ap\u00f3s responder o question\u00e1rio respectivo de compreens\u00e3o, pode aspirar a receber as li\u00e7\u00f5es 71 a 117 do Terceiro curso de estudos, denominado &#8220;MAGIA: PRINC\u00cdPIOS DO CONHECIMENTO SUPERIOR&#8221;<\/p>\n<p style=\"text-align: justify;\">.<strong>SYLLABUS N\u00ba 4: <\/strong>Quem terminar o Terceiro Curso, e ap\u00f3s responder as perguntas do exame respectivo, podem ascender \u00e0s li\u00e7\u00f5es do Quarto Syllabus, da 118 \u00e0 196 , denominado &#8220;ARITMOSOFIA E COELESTIS HIERARCHIA&#8221;.<\/p>\n<p style=\"text-align: justify;\"><strong>ESTUDOS ESPECIAIS PARA MEMBROS DO TERCEIRO GRAU: <\/strong>independentemente dos Syllabus, o Mag\u00edster Lucis pode receber li\u00e7\u00f5es sobre temas altamente iluminadores. Para isso, deve solicit\u00e1-las ao Presidente da Loja \u00e0 qual est\u00e3o afiliados. A primeira via de Estudos Superiores \u00e9 oferecida aos membros que receberam o Syllabus 196. Por raz\u00f5es de confidencialidade esot\u00e9rica, o conte\u00fado desses materiais de estudo superiores n\u00e3o pode ser divulgado nesta p\u00e1gina.<strong>&nbsp;<\/strong><\/p>\n<p style=\"text-align: justify;\"><strong><u>COMO \u00c9 A AFILIA\u00c7\u00c3O \u00c0 ORDEM?<\/u><\/strong><\/p>\n<p style=\"text-align: justify;\"><strong>A afilia\u00e7\u00e3o \u00e0 Ordo Fratres Lucis pode ser de dois tipos:<\/strong><\/p>\n<ol style=\"text-align: justify;\">\n<li><strong>ESTUDANTE POR CORRESPOND\u00caNCIA: <\/strong>\u00c9&nbsp;aquele que se associa a uma Loja, recebendo as li\u00e7\u00f5es de acordo com a disponibilidade da Loja a qual quer se filiar.<\/li>\n<li><strong>IRM\u00c3O INICIADO:<\/strong> \u00c9&nbsp;aquele que se associa a uma Loja, e recebe a Inicia\u00e7\u00e3o de Primeiro Grau ou Teoricus Lucis.<\/li>\n<\/ol>\n<p style=\"text-align: justify;\"><strong>Para associar-se a uma Loja, o postulante ou a postulante deve ser maior de idade e preencher a ficha adotada pela Loja Heli\u00f3polis que \u00e9 uma das unidades inici\u00e1ticas da Igreja Gn\u00f3stica Rosa Cruz mediante solicita\u00e7\u00e3o<\/strong><\/p>\n<p style=\"text-align: left;\">&nbsp;<\/p>\n\n\n<p><\/p>\n","protected":false},"excerpt":{"rendered":"<p>LOJA LUMINOSA HELI\u00d3POLIS \u2013 \u201cORDO FRATRES LUCIS OU IRM\u00c3OS DA LUZ\u201d Este corpo filos\u00f3fico e esot\u00e9rico foi fundado em S\u00e3o Lu\u00eds no dia 07 de dezembro do ano de dois mil e cinco, por um grupo de estudantes dedicados na &hellip; <a href=\"http:\/\/igrejagnosticarosacruz.com\/?page_id=351\">Continue lendo <span class=\"meta-nav\">&rarr;<\/span><\/a><\/p>\n","protected":false},"author":3,"featured_media":0,"parent":0,"menu_order":0,"comment_status":"closed","ping_status":"closed","template":"sidebar-page.php","meta":{"_mi_skip_tracking":false},"_links":{"self":[{"href":"http:\/\/igrejagnosticarosacruz.com\/index.php?rest_route=\/wp\/v2\/pages\/351"}],"collection":[{"href":"http:\/\/igrejagnosticarosacruz.com\/index.php?rest_route=\/wp\/v2\/pages"}],"about":[{"href":"http:\/\/igrejagnosticarosacruz.com\/index.php?rest_route=\/wp\/v2\/types\/page"}],"author":[{"embeddable":true,"href":"http:\/\/igrejagnosticarosacruz.com\/index.php?rest_route=\/wp\/v2\/users\/3"}],"replies":[{"embeddable":true,"href":"http:\/\/igrejagnosticarosacruz.com\/index.php?rest_route=%2Fwp%2Fv2%2Fcomments&post=351"}],"version-history":[{"count":26,"href":"http:\/\/igrejagnosticarosacruz.com\/index.php?rest_route=\/wp\/v2\/pages\/351\/revisions"}],"predecessor-version":[{"id":700,"href":"http:\/\/igrejagnosticarosacruz.com\/index.php?rest_route=\/wp\/v2\/pages\/351\/revisions\/700"}],"wp:attachment":[{"href":"http:\/\/igrejagnosticarosacruz.com\/index.php?rest_route=%2Fwp%2Fv2%2Fmedia&parent=351"}],"curies":[{"name":"wp","href":"https:\/\/api.w.org\/{rel}","templated":true}]}}