{"id":458,"date":"2019-03-28T21:35:20","date_gmt":"2019-03-29T00:35:20","guid":{"rendered":"http:\/\/igrejagnosticarosacruz.com\/?page_id=458"},"modified":"2025-08-18T19:42:06","modified_gmt":"2025-08-18T22:42:06","slug":"patentes","status":"publish","type":"page","link":"http:\/\/igrejagnosticarosacruz.com\/?page_id=458","title":{"rendered":"Patentes"},"content":{"rendered":"\n<h2>CARTAS PATENTES DA ORDEM  MA\u00c7\u00d4NICA DE \u00c9LUS CO\u00cbNS<\/h2>\n\n\n\n<h2>EMITIDAS PELA<strong> UNI\u00c3O MA\u00c7\u00d4NICA UNIVERSAL (UMU)<\/strong><\/h2>\n\n\n\n<figure class=\"wp-block-image size-large\"><img loading=\"lazy\" width=\"724\" height=\"1024\" src=\"http:\/\/igrejagnosticarosacruz.com\/wp-content\/uploads\/2024\/02\/0.Amorim24-1-pdf-724x1024.jpg\" alt=\"\" class=\"wp-image-714\"\/><\/figure>\n\n\n\n<p><strong>CERTIFICADO DE BISPO DA IGREJA GN\u00d3STICA DO BRASIL <\/strong><\/p>\n\n\n\n<figure class=\"wp-block-image size-large\"><img loading=\"lazy\" width=\"1024\" height=\"725\" src=\"http:\/\/igrejagnosticarosacruz.com\/wp-content\/uploads\/2024\/02\/certificado-bispo-fra-pdf-1024x725.jpg\" alt=\"\" class=\"wp-image-717\"\/><\/figure>\n\n\n\n<p><strong>PATENTE DA UNI\u00c3O MA\u00c7\u00d4NICA UNIVERSAL &#8211; UMU<\/strong><\/p>\n\n\n\n<figure class=\"wp-block-image size-large is-resized\"><img loading=\"lazy\" src=\"http:\/\/igrejagnosticarosacruz.com\/wp-content\/uploads\/2020\/10\/Inmaculada-Casado-1-724x1024.jpg\" alt=\"\" class=\"wp-image-682\" width=\"703\" height=\"994\" srcset=\"http:\/\/igrejagnosticarosacruz.com\/wp-content\/uploads\/2020\/10\/Inmaculada-Casado-1-724x1024.jpg 724w, http:\/\/igrejagnosticarosacruz.com\/wp-content\/uploads\/2020\/10\/Inmaculada-Casado-1-212x300.jpg 212w, http:\/\/igrejagnosticarosacruz.com\/wp-content\/uploads\/2020\/10\/Inmaculada-Casado-1-768x1086.jpg 768w, http:\/\/igrejagnosticarosacruz.com\/wp-content\/uploads\/2020\/10\/Inmaculada-Casado-1-1086x1536.jpg 1086w, http:\/\/igrejagnosticarosacruz.com\/wp-content\/uploads\/2020\/10\/Inmaculada-Casado-1-1448x2048.jpg 1448w, http:\/\/igrejagnosticarosacruz.com\/wp-content\/uploads\/2020\/10\/Inmaculada-Casado-1.jpg 1654w\" sizes=\"(max-width: 703px) 100vw, 703px\" \/><\/figure>\n\n\n\n<p><strong>CARTA CONSTITUTIVA DA R.\u00b4.L.\u00b4. MA\u00c7\u00d4NICA &#8220;GIZA N\u00ba 07&#8221; <\/strong> <\/p>\n\n\n\n<figure class=\"wp-block-image is-resized\"><img loading=\"lazy\" src=\"http:\/\/igrejagnosticarosacruz.com\/wp-content\/uploads\/2019\/03\/CARTA-CONSTITUTIVA-Soberano-Santu\u00e1rio-Latinoamericano-de-los-ritos-egipcios-745x1024.jpg\" alt=\"\" class=\"wp-image-469\" width=\"716\" height=\"983\" srcset=\"http:\/\/igrejagnosticarosacruz.com\/wp-content\/uploads\/2019\/03\/CARTA-CONSTITUTIVA-Soberano-Santu\u00e1rio-Latinoamericano-de-los-ritos-egipcios-745x1024.jpg 745w, http:\/\/igrejagnosticarosacruz.com\/wp-content\/uploads\/2019\/03\/CARTA-CONSTITUTIVA-Soberano-Santu\u00e1rio-Latinoamericano-de-los-ritos-egipcios-218x300.jpg 218w\" sizes=\"(max-width: 716px) 100vw, 716px\" \/><\/figure>\n\n\n\n<h2> <br><strong>A CARTA CONSTITUTIVA &#8211; C\u00edrculo &#8220;Heli\u00f3polis n\u00ba 36&#8243;\ufeff<\/strong> <\/h2>\n\n\n\n<figure class=\"wp-block-image is-resized\"><img loading=\"lazy\" src=\"http:\/\/igrejagnosticarosacruz.com\/wp-content\/uploads\/2019\/03\/MAGNA-CARTA-CONSTITUTIVA-C\u00edrculo-Heli\u00f3polis-n\u00ba-36-793x1024.jpg\" alt=\"\" class=\"wp-image-484\" width=\"709\" height=\"918\"\/><figcaption><br><\/figcaption><\/figure>\n\n\n\n<p><strong>CARTA PATENTE CONSTITUTIVA &#8211; Loja Luminosa &#8220;Heli\u00f3polis N\u00ba 36&#8221;<\/strong><\/p>\n\n\n\n<div class=\"wp-block-image\"><figure class=\"alignleft size-large\"><img loading=\"lazy\" width=\"724\" height=\"1024\" src=\"http:\/\/igrejagnosticarosacruz.com\/wp-content\/uploads\/2024\/02\/Diploma20240207_19044191-724x1024.jpg\" alt=\"\" class=\"wp-image-741\" srcset=\"http:\/\/igrejagnosticarosacruz.com\/wp-content\/uploads\/2024\/02\/Diploma20240207_19044191-724x1024.jpg 724w, http:\/\/igrejagnosticarosacruz.com\/wp-content\/uploads\/2024\/02\/Diploma20240207_19044191-212x300.jpg 212w, http:\/\/igrejagnosticarosacruz.com\/wp-content\/uploads\/2024\/02\/Diploma20240207_19044191-768x1086.jpg 768w, http:\/\/igrejagnosticarosacruz.com\/wp-content\/uploads\/2024\/02\/Diploma20240207_19044191-1087x1536.jpg 1087w, http:\/\/igrejagnosticarosacruz.com\/wp-content\/uploads\/2024\/02\/Diploma20240207_19044191-1449x2048.jpg 1449w, http:\/\/igrejagnosticarosacruz.com\/wp-content\/uploads\/2024\/02\/Diploma20240207_19044191-rotated.jpg 1654w\" sizes=\"(max-width: 724px) 100vw, 724px\" \/><figcaption><br><\/figcaption><\/figure><\/div>\n\n\n\n<p><\/p>\n\n\n\n<h2>CERTIFICADO DE CARTA PATENTE DE ORDO FRATES LUCIS-  Concedido pelo Cancel\u00e1rio da Ordo Frates Lucis para Austr\u00e1lia.<\/h2>\n\n\n\n<figure class=\"wp-block-image size-large\"><img loading=\"lazy\" width=\"724\" height=\"1024\" src=\"http:\/\/igrejagnosticarosacruz.com\/wp-content\/uploads\/2024\/02\/Diploma20240207_19054393-724x1024.jpg\" alt=\"\" class=\"wp-image-743\" srcset=\"http:\/\/igrejagnosticarosacruz.com\/wp-content\/uploads\/2024\/02\/Diploma20240207_19054393-724x1024.jpg 724w, http:\/\/igrejagnosticarosacruz.com\/wp-content\/uploads\/2024\/02\/Diploma20240207_19054393-212x300.jpg 212w, http:\/\/igrejagnosticarosacruz.com\/wp-content\/uploads\/2024\/02\/Diploma20240207_19054393-768x1086.jpg 768w, http:\/\/igrejagnosticarosacruz.com\/wp-content\/uploads\/2024\/02\/Diploma20240207_19054393-1087x1536.jpg 1087w, http:\/\/igrejagnosticarosacruz.com\/wp-content\/uploads\/2024\/02\/Diploma20240207_19054393-1449x2048.jpg 1449w, http:\/\/igrejagnosticarosacruz.com\/wp-content\/uploads\/2024\/02\/Diploma20240207_19054393-rotated.jpg 1654w\" sizes=\"(max-width: 724px) 100vw, 724px\" \/><\/figure>\n\n\n\n<h2> <\/h2>\n\n\n\n<p><br><strong>DECRETO MAGISTRAL N\u00ba 18 &#8211; SOBERANO SANTU\u00c1RIO INTERNACIONAL<\/strong>        <br>Antiga Ordem Ma\u00e7\u00f4nica &#8211; Ordem Sacerdotal Real e Militar              <\/p>\n\n\n\n<figure class=\"wp-block-image is-resized\"><img loading=\"lazy\" src=\"http:\/\/igrejagnosticarosacruz.com\/wp-content\/uploads\/2019\/03\/18-baraz-1_page-0001-1-622x1024.jpg\" alt=\"\" class=\"wp-image-519\" width=\"715\" height=\"1170\"\/><\/figure>\n\n\n\n<figure class=\"wp-block-image is-resized\"><img loading=\"lazy\" src=\"http:\/\/igrejagnosticarosacruz.com\/wp-content\/uploads\/2019\/03\/18-baraz-1_page-0002-622x1024.jpg\" alt=\"\" class=\"wp-image-520\" width=\"720\" height=\"1179\"\/><\/figure>\n\n\n\n<figure class=\"wp-block-image is-resized\"><img loading=\"lazy\" src=\"http:\/\/igrejagnosticarosacruz.com\/wp-content\/uploads\/2019\/03\/18-baraz-1_page-0003-622x1024.jpg\" alt=\"\" class=\"wp-image-521\" width=\"715\" height=\"1169\"\/><\/figure>\n\n\n\n<h2>CARTA PATENTE- GRANDE ORIENTE MARTINISTA DO CHILE E PARA AM\u00c9RICA LATINA<\/h2>\n\n\n\n<figure class=\"wp-block-image size-large\"><img loading=\"lazy\" width=\"724\" height=\"1024\" src=\"http:\/\/igrejagnosticarosacruz.com\/wp-content\/uploads\/2024\/02\/Diploma20240207_18380633-724x1024.jpg\" alt=\"\" class=\"wp-image-720\" srcset=\"http:\/\/igrejagnosticarosacruz.com\/wp-content\/uploads\/2024\/02\/Diploma20240207_18380633-724x1024.jpg 724w, http:\/\/igrejagnosticarosacruz.com\/wp-content\/uploads\/2024\/02\/Diploma20240207_18380633-212x300.jpg 212w, http:\/\/igrejagnosticarosacruz.com\/wp-content\/uploads\/2024\/02\/Diploma20240207_18380633-768x1086.jpg 768w, http:\/\/igrejagnosticarosacruz.com\/wp-content\/uploads\/2024\/02\/Diploma20240207_18380633-1087x1536.jpg 1087w, http:\/\/igrejagnosticarosacruz.com\/wp-content\/uploads\/2024\/02\/Diploma20240207_18380633-1449x2048.jpg 1449w, http:\/\/igrejagnosticarosacruz.com\/wp-content\/uploads\/2024\/02\/Diploma20240207_18380633-rotated.jpg 1654w\" sizes=\"(max-width: 724px) 100vw, 724px\" \/><\/figure>\n\n\n\n<p><strong>CERTIFICA\u00c7\u00c3O &#8211; MESTRE ELUS COHEN<\/strong><\/p>\n\n\n\n<figure class=\"wp-block-image size-large is-resized\"><img loading=\"lazy\" src=\"http:\/\/igrejagnosticarosacruz.com\/wp-content\/uploads\/2024\/02\/Diploma20240207_18414377-724x1024.jpg\" alt=\"\" class=\"wp-image-722\" width=\"697\" height=\"983\"\/><\/figure>\n\n\n\n<figure class=\"wp-block-image size-large is-resized\"><img loading=\"lazy\" src=\"http:\/\/igrejagnosticarosacruz.com\/wp-content\/uploads\/2024\/02\/Diploma20240207_18455163-724x1024.jpg\" alt=\"\" class=\"wp-image-725\" width=\"698\" height=\"983\"\/><\/figure>\n\n\n\n<p><strong>PATENTE &#8211; ORDEM MARTINISTA<\/strong><\/p>\n\n\n\n<figure class=\"wp-block-image size-large is-resized\"><img loading=\"lazy\" src=\"http:\/\/igrejagnosticarosacruz.com\/wp-content\/uploads\/2024\/02\/Diploma20240207_18561009-724x1024.jpg\" alt=\"\" class=\"wp-image-727\" width=\"690\" height=\"972\"\/><\/figure>\n\n\n\n<p><strong>CARTA DE ORDENA\u00c7\u00c3O &#8211; BISPO INDEPENDENTE<\/strong><\/p>\n\n\n\n<figure class=\"wp-block-image size-large is-resized\"><img loading=\"lazy\" src=\"http:\/\/igrejagnosticarosacruz.com\/wp-content\/uploads\/2024\/02\/Diploma20240207_18583791-724x1024.jpg\" alt=\"\" class=\"wp-image-729\" width=\"690\" height=\"974\" srcset=\"http:\/\/igrejagnosticarosacruz.com\/wp-content\/uploads\/2024\/02\/Diploma20240207_18583791-212x300.jpg 212w, http:\/\/igrejagnosticarosacruz.com\/wp-content\/uploads\/2024\/02\/Diploma20240207_18583791-1087x1536.jpg 1087w, http:\/\/igrejagnosticarosacruz.com\/wp-content\/uploads\/2024\/02\/Diploma20240207_18583791-1449x2048.jpg 1449w, http:\/\/igrejagnosticarosacruz.com\/wp-content\/uploads\/2024\/02\/Diploma20240207_18583791-rotated.jpg 1654w\" sizes=\"(max-width: 690px) 100vw, 690px\" \/><\/figure>\n\n\n\n<figure class=\"wp-block-image size-large is-resized\"><img loading=\"lazy\" src=\"http:\/\/igrejagnosticarosacruz.com\/wp-content\/uploads\/2024\/02\/Diploma20240207_18593061-724x1024.jpg\" alt=\"\" class=\"wp-image-731\" width=\"690\" height=\"972\"\/><\/figure>\n\n\n\n<figure class=\"wp-block-image size-large is-resized\"><img loading=\"lazy\" src=\"http:\/\/igrejagnosticarosacruz.com\/wp-content\/uploads\/2024\/02\/Diploma20240207_19004311-724x1024.jpg\" alt=\"\" class=\"wp-image-733\" width=\"691\" height=\"974\"\/><\/figure>\n\n\n\n<p><strong>CARTA DE OUTORGA &#8211; IGREJA TEMPL\u00c1RIA ANTIGA<\/strong><\/p>\n\n\n\n<figure class=\"wp-block-image size-large is-resized\"><img loading=\"lazy\" src=\"http:\/\/igrejagnosticarosacruz.com\/wp-content\/uploads\/2024\/02\/Diploma20240207_19022363-724x1024.jpg\" alt=\"\" class=\"wp-image-735\" width=\"689\" height=\"972\"\/><\/figure>\n\n\n\n<p><strong>CERTIFICADO<\/strong><\/p>\n\n\n\n<figure class=\"wp-block-image size-large is-resized\"><img loading=\"lazy\" src=\"http:\/\/igrejagnosticarosacruz.com\/wp-content\/uploads\/2024\/02\/Diploma20240207_18543017-724x1024.jpg\" alt=\"\" class=\"wp-image-737\" width=\"691\" height=\"974\"\/><\/figure>\n\n\n\n<p><strong>IGREJA &#8211; GN\u00d3STICA<\/strong><\/p>\n\n\n\n<figure class=\"wp-block-image size-large is-resized\"><img loading=\"lazy\" src=\"http:\/\/igrejagnosticarosacruz.com\/wp-content\/uploads\/2024\/02\/Diploma20240207_19033500-724x1024.jpg\" alt=\"\" class=\"wp-image-739\" width=\"692\" height=\"975\"\/><\/figure>\n\n\n\n<p><strong>CERTIFICADO &#8211; ORDEM CABALISTICA DA ROSA-CRUZ<\/strong><\/p>\n\n\n\n<figure class=\"wp-block-image size-large is-resized\"><img loading=\"lazy\" src=\"http:\/\/igrejagnosticarosacruz.com\/wp-content\/uploads\/2024\/02\/Diploma20240207_19075801-1024x724.jpg\" alt=\"\" class=\"wp-image-745\" width=\"764\" height=\"540\" srcset=\"http:\/\/igrejagnosticarosacruz.com\/wp-content\/uploads\/2024\/02\/Diploma20240207_19075801-1024x724.jpg 1024w, http:\/\/igrejagnosticarosacruz.com\/wp-content\/uploads\/2024\/02\/Diploma20240207_19075801-300x212.jpg 300w, http:\/\/igrejagnosticarosacruz.com\/wp-content\/uploads\/2024\/02\/Diploma20240207_19075801-768x543.jpg 768w, http:\/\/igrejagnosticarosacruz.com\/wp-content\/uploads\/2024\/02\/Diploma20240207_19075801-1536x1087.jpg 1536w, http:\/\/igrejagnosticarosacruz.com\/wp-content\/uploads\/2024\/02\/Diploma20240207_19075801-2048x1449.jpg 2048w, http:\/\/igrejagnosticarosacruz.com\/wp-content\/uploads\/2024\/02\/Diploma20240207_19075801-424x300.jpg 424w\" sizes=\"(max-width: 764px) 100vw, 764px\" \/><\/figure>\n\n\n\n<h2>PATENTE DO GRAU 99<\/h2>\n\n\n\n<figure class=\"wp-block-image size-large\"><img loading=\"lazy\" width=\"724\" height=\"1024\" src=\"http:\/\/igrejagnosticarosacruz.com\/wp-content\/uploads\/2025\/08\/GRADO-99_CONJUNTO_MEX-BOL_JOSE-RAIMUNDO-AMORIM_-1-724x1024.jpg\" alt=\"\" class=\"wp-image-772\" srcset=\"http:\/\/igrejagnosticarosacruz.com\/wp-content\/uploads\/2025\/08\/GRADO-99_CONJUNTO_MEX-BOL_JOSE-RAIMUNDO-AMORIM_-1-724x1024.jpg 724w, http:\/\/igrejagnosticarosacruz.com\/wp-content\/uploads\/2025\/08\/GRADO-99_CONJUNTO_MEX-BOL_JOSE-RAIMUNDO-AMORIM_-1-212x300.jpg 212w, http:\/\/igrejagnosticarosacruz.com\/wp-content\/uploads\/2025\/08\/GRADO-99_CONJUNTO_MEX-BOL_JOSE-RAIMUNDO-AMORIM_-1-768x1086.jpg 768w, http:\/\/igrejagnosticarosacruz.com\/wp-content\/uploads\/2025\/08\/GRADO-99_CONJUNTO_MEX-BOL_JOSE-RAIMUNDO-AMORIM_-1-1087x1536.jpg 1087w, http:\/\/igrejagnosticarosacruz.com\/wp-content\/uploads\/2025\/08\/GRADO-99_CONJUNTO_MEX-BOL_JOSE-RAIMUNDO-AMORIM_-1.jpg 1240w\" sizes=\"(max-width: 724px) 100vw, 724px\" \/><\/figure>\n\n\n\n<h2>PATENTE DO GRAU 100<\/h2>\n\n\n\n<figure class=\"wp-block-image size-large\"><img loading=\"lazy\" width=\"662\" height=\"1024\" src=\"http:\/\/igrejagnosticarosacruz.com\/wp-content\/uploads\/2025\/08\/CERTIFICADO-HONORIFICO-SOBERANO-SANTUARIO_BRASIL_JOSE-RAIMUNDO_-1-1-662x1024.jpg\" alt=\"\" class=\"wp-image-773\" srcset=\"http:\/\/igrejagnosticarosacruz.com\/wp-content\/uploads\/2025\/08\/CERTIFICADO-HONORIFICO-SOBERANO-SANTUARIO_BRASIL_JOSE-RAIMUNDO_-1-1-662x1024.jpg 662w, http:\/\/igrejagnosticarosacruz.com\/wp-content\/uploads\/2025\/08\/CERTIFICADO-HONORIFICO-SOBERANO-SANTUARIO_BRASIL_JOSE-RAIMUNDO_-1-1-194x300.jpg 194w, http:\/\/igrejagnosticarosacruz.com\/wp-content\/uploads\/2025\/08\/CERTIFICADO-HONORIFICO-SOBERANO-SANTUARIO_BRASIL_JOSE-RAIMUNDO_-1-1-768x1187.jpg 768w, http:\/\/igrejagnosticarosacruz.com\/wp-content\/uploads\/2025\/08\/CERTIFICADO-HONORIFICO-SOBERANO-SANTUARIO_BRASIL_JOSE-RAIMUNDO_-1-1-994x1536.jpg 994w, http:\/\/igrejagnosticarosacruz.com\/wp-content\/uploads\/2025\/08\/CERTIFICADO-HONORIFICO-SOBERANO-SANTUARIO_BRASIL_JOSE-RAIMUNDO_-1-1-1325x2048.jpg 1325w, http:\/\/igrejagnosticarosacruz.com\/wp-content\/uploads\/2025\/08\/CERTIFICADO-HONORIFICO-SOBERANO-SANTUARIO_BRASIL_JOSE-RAIMUNDO_-1-1.jpg 1649w\" sizes=\"(max-width: 662px) 100vw, 662px\" \/><\/figure>\n","protected":false},"excerpt":{"rendered":"<p>CARTAS PATENTES DA ORDEM MA\u00c7\u00d4NICA DE \u00c9LUS CO\u00cbNS EMITIDAS PELA UNI\u00c3O MA\u00c7\u00d4NICA UNIVERSAL (UMU) CERTIFICADO DE BISPO DA IGREJA GN\u00d3STICA DO BRASIL PATENTE DA UNI\u00c3O MA\u00c7\u00d4NICA UNIVERSAL &#8211; UMU CARTA CONSTITUTIVA DA R.\u00b4.L.\u00b4. MA\u00c7\u00d4NICA &#8220;GIZA N\u00ba 07&#8221; A CARTA CONSTITUTIVA &hellip; <a href=\"http:\/\/igrejagnosticarosacruz.com\/?page_id=458\">Continue lendo <span class=\"meta-nav\">&rarr;<\/span><\/a><\/p>\n","protected":false},"author":3,"featured_media":0,"parent":0,"menu_order":0,"comment_status":"closed","ping_status":"closed","template":"showcase.php","meta":{"_mi_skip_tracking":false},"_links":{"self":[{"href":"http:\/\/igrejagnosticarosacruz.com\/index.php?rest_route=\/wp\/v2\/pages\/458"}],"collection":[{"href":"http:\/\/igrejagnosticarosacruz.com\/index.php?rest_route=\/wp\/v2\/pages"}],"about":[{"href":"http:\/\/igrejagnosticarosacruz.com\/index.php?rest_route=\/wp\/v2\/types\/page"}],"author":[{"embeddable":true,"href":"http:\/\/igrejagnosticarosacruz.com\/index.php?rest_route=\/wp\/v2\/users\/3"}],"replies":[{"embeddable":true,"href":"http:\/\/igrejagnosticarosacruz.com\/index.php?rest_route=%2Fwp%2Fv2%2Fcomments&post=458"}],"version-history":[{"count":50,"href":"http:\/\/igrejagnosticarosacruz.com\/index.php?rest_route=\/wp\/v2\/pages\/458\/revisions"}],"predecessor-version":[{"id":774,"href":"http:\/\/igrejagnosticarosacruz.com\/index.php?rest_route=\/wp\/v2\/pages\/458\/revisions\/774"}],"wp:attachment":[{"href":"http:\/\/igrejagnosticarosacruz.com\/index.php?rest_route=%2Fwp%2Fv2%2Fmedia&parent=458"}],"curies":[{"name":"wp","href":"https:\/\/api.w.org\/{rel}","templated":true}]}}