{"id":461,"date":"2019-03-28T21:37:37","date_gmt":"2019-03-29T00:37:37","guid":{"rendered":"http:\/\/igrejagnosticarosacruz.com\/?page_id=461"},"modified":"2025-08-18T20:23:47","modified_gmt":"2025-08-18T23:23:47","slug":"tratados-e-reconhecimentos","status":"publish","type":"page","link":"http:\/\/igrejagnosticarosacruz.com\/?page_id=461","title":{"rendered":"Tratados e Reconhecimentos"},"content":{"rendered":"\n<h2> <br><strong>RECONHECIMENTO &#8211; (UMU) Uni\u00e3o Ma\u00e7\u00f4nica Universal<\/strong><\/h2>\n\n\n\n<figure class=\"wp-block-image is-resized\"><img loading=\"lazy\" src=\"http:\/\/igrejagnosticarosacruz.com\/wp-content\/uploads\/2019\/03\/UNI\u00c3O-MA\u00c7ONICA-UNIVERSAL-751x1024.jpg\" alt=\"\" class=\"wp-image-495\" width=\"716\" height=\"975\" srcset=\"http:\/\/igrejagnosticarosacruz.com\/wp-content\/uploads\/2019\/03\/UNI\u00c3O-MA\u00c7ONICA-UNIVERSAL-751x1024.jpg 751w, http:\/\/igrejagnosticarosacruz.com\/wp-content\/uploads\/2019\/03\/UNI\u00c3O-MA\u00c7ONICA-UNIVERSAL-220x300.jpg 220w, http:\/\/igrejagnosticarosacruz.com\/wp-content\/uploads\/2019\/03\/UNI\u00c3O-MA\u00c7ONICA-UNIVERSAL-768x1047.jpg 768w, http:\/\/igrejagnosticarosacruz.com\/wp-content\/uploads\/2019\/03\/UNI\u00c3O-MA\u00c7ONICA-UNIVERSAL.jpg 1573w\" sizes=\"(max-width: 716px) 100vw, 716px\" \/><figcaption><br><\/figcaption><\/figure>\n\n\n\n<h2>CERTIFICADO DE NOMEA\u00c7\u00c3O- (UMU) Uni\u00e3o Ma\u00e7\u00f4nica Universal                                                Federa\u00e7\u00e3o Gnose- (IRCA) Antigas Igrejas Romanas Cat\u00f3licas <\/h2>\n\n\n\n<figure class=\"wp-block-image\"><img loading=\"lazy\" width=\"724\" height=\"1024\" src=\"http:\/\/igrejagnosticarosacruz.com\/wp-content\/uploads\/2019\/04\/IRCA-1-1_page-0001-2-724x1024.jpg\" alt=\"\" class=\"wp-image-622\" srcset=\"http:\/\/igrejagnosticarosacruz.com\/wp-content\/uploads\/2019\/04\/IRCA-1-1_page-0001-2-724x1024.jpg 724w, http:\/\/igrejagnosticarosacruz.com\/wp-content\/uploads\/2019\/04\/IRCA-1-1_page-0001-2-212x300.jpg 212w, http:\/\/igrejagnosticarosacruz.com\/wp-content\/uploads\/2019\/04\/IRCA-1-1_page-0001-2-768x1087.jpg 768w, http:\/\/igrejagnosticarosacruz.com\/wp-content\/uploads\/2019\/04\/IRCA-1-1_page-0001-2.jpg 1240w\" sizes=\"(max-width: 724px) 100vw, 724px\" \/><\/figure>\n\n\n\n<figure class=\"wp-block-image\"><img loading=\"lazy\" width=\"724\" height=\"1024\" src=\"http:\/\/igrejagnosticarosacruz.com\/wp-content\/uploads\/2019\/04\/IRCA-1-1_page-0002-1-724x1024.jpg\" alt=\"\" class=\"wp-image-624\" srcset=\"http:\/\/igrejagnosticarosacruz.com\/wp-content\/uploads\/2019\/04\/IRCA-1-1_page-0002-1-724x1024.jpg 724w, http:\/\/igrejagnosticarosacruz.com\/wp-content\/uploads\/2019\/04\/IRCA-1-1_page-0002-1-212x300.jpg 212w, http:\/\/igrejagnosticarosacruz.com\/wp-content\/uploads\/2019\/04\/IRCA-1-1_page-0002-1-768x1087.jpg 768w, http:\/\/igrejagnosticarosacruz.com\/wp-content\/uploads\/2019\/04\/IRCA-1-1_page-0002-1.jpg 1240w\" sizes=\"(max-width: 724px) 100vw, 724px\" \/><\/figure>\n\n\n\n<figure class=\"wp-block-image\"><img loading=\"lazy\" width=\"724\" height=\"1024\" src=\"http:\/\/igrejagnosticarosacruz.com\/wp-content\/uploads\/2019\/04\/IRCA-1-1_page-0003-1-724x1024.jpg\" alt=\"\" class=\"wp-image-625\" srcset=\"http:\/\/igrejagnosticarosacruz.com\/wp-content\/uploads\/2019\/04\/IRCA-1-1_page-0003-1-724x1024.jpg 724w, http:\/\/igrejagnosticarosacruz.com\/wp-content\/uploads\/2019\/04\/IRCA-1-1_page-0003-1-212x300.jpg 212w, http:\/\/igrejagnosticarosacruz.com\/wp-content\/uploads\/2019\/04\/IRCA-1-1_page-0003-1-768x1087.jpg 768w, http:\/\/igrejagnosticarosacruz.com\/wp-content\/uploads\/2019\/04\/IRCA-1-1_page-0003-1.jpg 1240w\" sizes=\"(max-width: 724px) 100vw, 724px\" \/><\/figure>\n\n\n\n<figure class=\"wp-block-image\"><img loading=\"lazy\" width=\"724\" height=\"1024\" src=\"http:\/\/igrejagnosticarosacruz.com\/wp-content\/uploads\/2019\/04\/IRCA-1-1_page-0004-1-724x1024.jpg\" alt=\"\" class=\"wp-image-626\" srcset=\"http:\/\/igrejagnosticarosacruz.com\/wp-content\/uploads\/2019\/04\/IRCA-1-1_page-0004-1-724x1024.jpg 724w, http:\/\/igrejagnosticarosacruz.com\/wp-content\/uploads\/2019\/04\/IRCA-1-1_page-0004-1-212x300.jpg 212w, http:\/\/igrejagnosticarosacruz.com\/wp-content\/uploads\/2019\/04\/IRCA-1-1_page-0004-1-768x1087.jpg 768w, http:\/\/igrejagnosticarosacruz.com\/wp-content\/uploads\/2019\/04\/IRCA-1-1_page-0004-1.jpg 1240w\" sizes=\"(max-width: 724px) 100vw, 724px\" \/><\/figure>\n\n\n\n<figure class=\"wp-block-image\"><img loading=\"lazy\" width=\"724\" height=\"1024\" src=\"http:\/\/igrejagnosticarosacruz.com\/wp-content\/uploads\/2019\/04\/IRCA-1-1_page-0005-1-724x1024.jpg\" alt=\"\" class=\"wp-image-627\" srcset=\"http:\/\/igrejagnosticarosacruz.com\/wp-content\/uploads\/2019\/04\/IRCA-1-1_page-0005-1-724x1024.jpg 724w, http:\/\/igrejagnosticarosacruz.com\/wp-content\/uploads\/2019\/04\/IRCA-1-1_page-0005-1-212x300.jpg 212w, http:\/\/igrejagnosticarosacruz.com\/wp-content\/uploads\/2019\/04\/IRCA-1-1_page-0005-1-768x1087.jpg 768w, http:\/\/igrejagnosticarosacruz.com\/wp-content\/uploads\/2019\/04\/IRCA-1-1_page-0005-1.jpg 1240w\" sizes=\"(max-width: 724px) 100vw, 724px\" \/><\/figure>\n\n\n\n<figure class=\"wp-block-image\"><img loading=\"lazy\" width=\"724\" height=\"1024\" src=\"http:\/\/igrejagnosticarosacruz.com\/wp-content\/uploads\/2019\/04\/IRCA-1-1_page-0006-1-724x1024.jpg\" alt=\"\" class=\"wp-image-628\" srcset=\"http:\/\/igrejagnosticarosacruz.com\/wp-content\/uploads\/2019\/04\/IRCA-1-1_page-0006-1-724x1024.jpg 724w, http:\/\/igrejagnosticarosacruz.com\/wp-content\/uploads\/2019\/04\/IRCA-1-1_page-0006-1-212x300.jpg 212w, http:\/\/igrejagnosticarosacruz.com\/wp-content\/uploads\/2019\/04\/IRCA-1-1_page-0006-1-768x1087.jpg 768w, http:\/\/igrejagnosticarosacruz.com\/wp-content\/uploads\/2019\/04\/IRCA-1-1_page-0006-1.jpg 1240w\" sizes=\"(max-width: 724px) 100vw, 724px\" \/><\/figure>\n\n\n\n<figure class=\"wp-block-image\"><img loading=\"lazy\" width=\"724\" height=\"1024\" src=\"http:\/\/igrejagnosticarosacruz.com\/wp-content\/uploads\/2019\/04\/IRCA-1-1_page-0007-3-724x1024.jpg\" alt=\"\" class=\"wp-image-629\" srcset=\"http:\/\/igrejagnosticarosacruz.com\/wp-content\/uploads\/2019\/04\/IRCA-1-1_page-0007-3-724x1024.jpg 724w, http:\/\/igrejagnosticarosacruz.com\/wp-content\/uploads\/2019\/04\/IRCA-1-1_page-0007-3-212x300.jpg 212w, http:\/\/igrejagnosticarosacruz.com\/wp-content\/uploads\/2019\/04\/IRCA-1-1_page-0007-3-768x1087.jpg 768w, http:\/\/igrejagnosticarosacruz.com\/wp-content\/uploads\/2019\/04\/IRCA-1-1_page-0007-3.jpg 1240w\" sizes=\"(max-width: 724px) 100vw, 724px\" \/><\/figure>\n\n\n\n<figure class=\"wp-block-image\"><img loading=\"lazy\" width=\"724\" height=\"1024\" src=\"http:\/\/igrejagnosticarosacruz.com\/wp-content\/uploads\/2019\/04\/IRCA-1-1_page-0008-1-724x1024.jpg\" alt=\"\" class=\"wp-image-630\" srcset=\"http:\/\/igrejagnosticarosacruz.com\/wp-content\/uploads\/2019\/04\/IRCA-1-1_page-0008-1-724x1024.jpg 724w, http:\/\/igrejagnosticarosacruz.com\/wp-content\/uploads\/2019\/04\/IRCA-1-1_page-0008-1-212x300.jpg 212w, http:\/\/igrejagnosticarosacruz.com\/wp-content\/uploads\/2019\/04\/IRCA-1-1_page-0008-1-768x1087.jpg 768w, http:\/\/igrejagnosticarosacruz.com\/wp-content\/uploads\/2019\/04\/IRCA-1-1_page-0008-1.jpg 1240w\" sizes=\"(max-width: 724px) 100vw, 724px\" \/><\/figure>\n\n\n\n<figure class=\"wp-block-image\"><img loading=\"lazy\" width=\"724\" height=\"1024\" src=\"http:\/\/igrejagnosticarosacruz.com\/wp-content\/uploads\/2019\/04\/IRCA-1-1_page-0009-1-724x1024.jpg\" alt=\"\" class=\"wp-image-631\" srcset=\"http:\/\/igrejagnosticarosacruz.com\/wp-content\/uploads\/2019\/04\/IRCA-1-1_page-0009-1-724x1024.jpg 724w, http:\/\/igrejagnosticarosacruz.com\/wp-content\/uploads\/2019\/04\/IRCA-1-1_page-0009-1-212x300.jpg 212w, http:\/\/igrejagnosticarosacruz.com\/wp-content\/uploads\/2019\/04\/IRCA-1-1_page-0009-1-768x1087.jpg 768w, http:\/\/igrejagnosticarosacruz.com\/wp-content\/uploads\/2019\/04\/IRCA-1-1_page-0009-1.jpg 1240w\" sizes=\"(max-width: 724px) 100vw, 724px\" \/><\/figure>\n\n\n\n<figure class=\"wp-block-image\"><img loading=\"lazy\" width=\"724\" height=\"1024\" src=\"http:\/\/igrejagnosticarosacruz.com\/wp-content\/uploads\/2019\/04\/IRCA-1-1_page-0010-724x1024.jpg\" alt=\"\" class=\"wp-image-632\" srcset=\"http:\/\/igrejagnosticarosacruz.com\/wp-content\/uploads\/2019\/04\/IRCA-1-1_page-0010-724x1024.jpg 724w, http:\/\/igrejagnosticarosacruz.com\/wp-content\/uploads\/2019\/04\/IRCA-1-1_page-0010-212x300.jpg 212w, http:\/\/igrejagnosticarosacruz.com\/wp-content\/uploads\/2019\/04\/IRCA-1-1_page-0010-768x1087.jpg 768w, http:\/\/igrejagnosticarosacruz.com\/wp-content\/uploads\/2019\/04\/IRCA-1-1_page-0010.jpg 1240w\" sizes=\"(max-width: 724px) 100vw, 724px\" \/><\/figure>\n\n\n\n<figure class=\"wp-block-image\"><img loading=\"lazy\" width=\"724\" height=\"1024\" src=\"http:\/\/igrejagnosticarosacruz.com\/wp-content\/uploads\/2019\/04\/IRCA-1-1_page-0011-1-724x1024.jpg\" alt=\"\" class=\"wp-image-633\" srcset=\"http:\/\/igrejagnosticarosacruz.com\/wp-content\/uploads\/2019\/04\/IRCA-1-1_page-0011-1-724x1024.jpg 724w, http:\/\/igrejagnosticarosacruz.com\/wp-content\/uploads\/2019\/04\/IRCA-1-1_page-0011-1-212x300.jpg 212w, http:\/\/igrejagnosticarosacruz.com\/wp-content\/uploads\/2019\/04\/IRCA-1-1_page-0011-1-768x1087.jpg 768w, http:\/\/igrejagnosticarosacruz.com\/wp-content\/uploads\/2019\/04\/IRCA-1-1_page-0011-1.jpg 1240w\" sizes=\"(max-width: 724px) 100vw, 724px\" \/><\/figure>\n\n\n\n<figure class=\"wp-block-image\"><img loading=\"lazy\" width=\"724\" height=\"1024\" src=\"http:\/\/igrejagnosticarosacruz.com\/wp-content\/uploads\/2019\/04\/IRCA-1-1_page-0012-1-724x1024.jpg\" alt=\"\" class=\"wp-image-634\" srcset=\"http:\/\/igrejagnosticarosacruz.com\/wp-content\/uploads\/2019\/04\/IRCA-1-1_page-0012-1-724x1024.jpg 724w, http:\/\/igrejagnosticarosacruz.com\/wp-content\/uploads\/2019\/04\/IRCA-1-1_page-0012-1-212x300.jpg 212w, http:\/\/igrejagnosticarosacruz.com\/wp-content\/uploads\/2019\/04\/IRCA-1-1_page-0012-1-768x1087.jpg 768w, http:\/\/igrejagnosticarosacruz.com\/wp-content\/uploads\/2019\/04\/IRCA-1-1_page-0012-1.jpg 1240w\" sizes=\"(max-width: 724px) 100vw, 724px\" \/><\/figure>\n\n\n\n<figure class=\"wp-block-image\"><img loading=\"lazy\" width=\"724\" height=\"1024\" src=\"http:\/\/igrejagnosticarosacruz.com\/wp-content\/uploads\/2019\/04\/IRCA-1-1_page-0013-1-724x1024.jpg\" alt=\"\" class=\"wp-image-635\" srcset=\"http:\/\/igrejagnosticarosacruz.com\/wp-content\/uploads\/2019\/04\/IRCA-1-1_page-0013-1-724x1024.jpg 724w, http:\/\/igrejagnosticarosacruz.com\/wp-content\/uploads\/2019\/04\/IRCA-1-1_page-0013-1-212x300.jpg 212w, http:\/\/igrejagnosticarosacruz.com\/wp-content\/uploads\/2019\/04\/IRCA-1-1_page-0013-1-768x1087.jpg 768w, http:\/\/igrejagnosticarosacruz.com\/wp-content\/uploads\/2019\/04\/IRCA-1-1_page-0013-1.jpg 1240w\" sizes=\"(max-width: 724px) 100vw, 724px\" \/><figcaption><br><br><\/figcaption><\/figure>\n\n\n\n<h2>TRATADO DE M\u00daTUO RECONHECIMENTO &#8211; Ordo Frates Lucis da Austr\u00e1lia<\/h2>\n\n\n\n<figure class=\"wp-block-image is-resized\"><img loading=\"lazy\" src=\"http:\/\/igrejagnosticarosacruz.com\/wp-content\/uploads\/2019\/03\/TRATADO-830x1024.jpg\" alt=\"\" class=\"wp-image-529\" width=\"720\" height=\"883\"\/><figcaption><br><br><br><\/figcaption><\/figure>\n\n\n\n<p><strong>DECRETO MAGISTRAL N\u00ba 21 &#8211; Soberano Santu\u00e1rio Internacional <\/strong> <br><strong>Ordem Ma\u00e7\u00f4nica &#8211; Ordem Sacerdotal Real e Militar<\/strong> <\/p>\n\n\n\n<figure class=\"wp-block-image is-resized\"><img loading=\"lazy\" src=\"http:\/\/igrejagnosticarosacruz.com\/wp-content\/uploads\/2019\/03\/Decreto-Soberano-Santu\u00e1rio-Internaciona-1-622x1024.jpg\" alt=\"\" class=\"wp-image-510\" width=\"722\" height=\"1181\"\/><\/figure>\n\n\n\n<figure class=\"wp-block-image is-resized\"><img loading=\"lazy\" src=\"http:\/\/igrejagnosticarosacruz.com\/wp-content\/uploads\/2019\/03\/Decreto-Soberano-Santu\u00e1rio-Internaciona-2-622x1024.jpg\" alt=\"\" class=\"wp-image-511\" width=\"714\" height=\"1168\"\/><figcaption><br><br><br><\/figcaption><\/figure>\n\n\n\n<p><\/p>\n\n\n\n<p><strong>TRATADO DE PAZ, AMIZADE E RECONHECIMENTO M\u00daTUO &#8211; Santu\u00e1rio  Nacional do Grande Oriente do Equador &#8220;ABRAXAS SANCTORUM&#8221;<\/strong><\/p>\n\n\n\n<figure class=\"wp-block-image is-resized\"><img loading=\"lazy\" src=\"http:\/\/igrejagnosticarosacruz.com\/wp-content\/uploads\/2019\/03\/tratado-Giza-7-GLRT-IGRC-1-622x1024.jpg\" alt=\"\" class=\"wp-image-499\" width=\"713\" height=\"1167\"\/><figcaption><br><\/figcaption><\/figure>\n\n\n\n<figure class=\"wp-block-image is-resized\"><img loading=\"lazy\" src=\"http:\/\/igrejagnosticarosacruz.com\/wp-content\/uploads\/2019\/03\/tratado-Giza-7-GLRT-IGRC-2-622x1024.jpg\" alt=\"\" class=\"wp-image-500\" width=\"713\" height=\"1167\"\/><figcaption><br><\/figcaption><\/figure>\n\n\n\n<figure class=\"wp-block-image is-resized\"><img loading=\"lazy\" src=\"http:\/\/igrejagnosticarosacruz.com\/wp-content\/uploads\/2019\/03\/tratado-Giza-7-GLRT-IGRC-3-622x1024.jpg\" alt=\"\" class=\"wp-image-501\" width=\"714\" height=\"1168\"\/><\/figure>\n\n\n\n<p> <\/p>\n\n\n\n<p><br><strong>TESTEMUNHO DO TRATADO DE PAZ, AMIZADE, SOLIDARIEDADE FRATERNAL  E RECONHECIMENTO M\u00daTUO &#8211; Santu\u00e1rio  Nacional do Grande Oriente do Equador &#8220;ABRAXAS SANCTORUM&#8221;<\/strong> <\/p>\n\n\n\n<figure class=\"wp-block-image is-resized\"><img loading=\"lazy\" src=\"http:\/\/igrejagnosticarosacruz.com\/wp-content\/uploads\/2019\/03\/testimonio-NOVO-663x1024.jpg\" alt=\"\" class=\"wp-image-508\" width=\"712\" height=\"1092\"\/><\/figure>\n\n\n\n<h2>RECONHECIMENTO DE TRATADO DE PAZ<\/h2>\n\n\n\n<figure class=\"wp-block-image size-large\"><img loading=\"lazy\" width=\"724\" height=\"1024\" src=\"http:\/\/igrejagnosticarosacruz.com\/wp-content\/uploads\/2025\/08\/TRATADO-DE-AMISTAD-SOBERANO-SANTUARIO-BRASIL_IGREJA_GNOSTICA_-1-1-724x1024.jpg\" alt=\"\" class=\"wp-image-776\" srcset=\"http:\/\/igrejagnosticarosacruz.com\/wp-content\/uploads\/2025\/08\/TRATADO-DE-AMISTAD-SOBERANO-SANTUARIO-BRASIL_IGREJA_GNOSTICA_-1-1-724x1024.jpg 724w, http:\/\/igrejagnosticarosacruz.com\/wp-content\/uploads\/2025\/08\/TRATADO-DE-AMISTAD-SOBERANO-SANTUARIO-BRASIL_IGREJA_GNOSTICA_-1-1-212x300.jpg 212w, http:\/\/igrejagnosticarosacruz.com\/wp-content\/uploads\/2025\/08\/TRATADO-DE-AMISTAD-SOBERANO-SANTUARIO-BRASIL_IGREJA_GNOSTICA_-1-1-768x1086.jpg 768w, http:\/\/igrejagnosticarosacruz.com\/wp-content\/uploads\/2025\/08\/TRATADO-DE-AMISTAD-SOBERANO-SANTUARIO-BRASIL_IGREJA_GNOSTICA_-1-1-1087x1536.jpg 1087w, http:\/\/igrejagnosticarosacruz.com\/wp-content\/uploads\/2025\/08\/TRATADO-DE-AMISTAD-SOBERANO-SANTUARIO-BRASIL_IGREJA_GNOSTICA_-1-1.jpg 1240w\" sizes=\"(max-width: 724px) 100vw, 724px\" \/><\/figure>\n","protected":false},"excerpt":{"rendered":"<p>RECONHECIMENTO &#8211; (UMU) Uni\u00e3o Ma\u00e7\u00f4nica Universal CERTIFICADO DE NOMEA\u00c7\u00c3O- (UMU) Uni\u00e3o Ma\u00e7\u00f4nica Universal Federa\u00e7\u00e3o Gnose- (IRCA) Antigas Igrejas Romanas Cat\u00f3licas TRATADO DE M\u00daTUO RECONHECIMENTO &#8211; Ordo Frates Lucis da Austr\u00e1lia DECRETO MAGISTRAL N\u00ba 21 &#8211; Soberano Santu\u00e1rio Internacional Ordem Ma\u00e7\u00f4nica &hellip; <a href=\"http:\/\/igrejagnosticarosacruz.com\/?page_id=461\">Continue lendo <span class=\"meta-nav\">&rarr;<\/span><\/a><\/p>\n","protected":false},"author":3,"featured_media":0,"parent":0,"menu_order":0,"comment_status":"closed","ping_status":"closed","template":"showcase.php","meta":{"_mi_skip_tracking":false},"_links":{"self":[{"href":"http:\/\/igrejagnosticarosacruz.com\/index.php?rest_route=\/wp\/v2\/pages\/461"}],"collection":[{"href":"http:\/\/igrejagnosticarosacruz.com\/index.php?rest_route=\/wp\/v2\/pages"}],"about":[{"href":"http:\/\/igrejagnosticarosacruz.com\/index.php?rest_route=\/wp\/v2\/types\/page"}],"author":[{"embeddable":true,"href":"http:\/\/igrejagnosticarosacruz.com\/index.php?rest_route=\/wp\/v2\/users\/3"}],"replies":[{"embeddable":true,"href":"http:\/\/igrejagnosticarosacruz.com\/index.php?rest_route=%2Fwp%2Fv2%2Fcomments&post=461"}],"version-history":[{"count":39,"href":"http:\/\/igrejagnosticarosacruz.com\/index.php?rest_route=\/wp\/v2\/pages\/461\/revisions"}],"predecessor-version":[{"id":777,"href":"http:\/\/igrejagnosticarosacruz.com\/index.php?rest_route=\/wp\/v2\/pages\/461\/revisions\/777"}],"wp:attachment":[{"href":"http:\/\/igrejagnosticarosacruz.com\/index.php?rest_route=%2Fwp%2Fv2%2Fmedia&parent=461"}],"curies":[{"name":"wp","href":"https:\/\/api.w.org\/{rel}","templated":true}]}}